{"id":692,"date":"2024-11-17T15:57:25","date_gmt":"2024-11-17T15:57:25","guid":{"rendered":"https:\/\/rucherdurevard.fr\/?post_type=product&#038;p=692"},"modified":"2024-11-26T17:02:23","modified_gmt":"2024-11-26T17:02:23","slug":"financier-aux-amandes","status":"publish","type":"product","link":"https:\/\/rucherdurevard.fr\/?product=financier-aux-amandes","title":{"rendered":"Financier aux Amandes"},"content":{"rendered":"<p>Ce financier maison, d\u00e9licieusement dor\u00e9, est une v\u00e9ritable douceur aux amandes, sublim\u00e9e par le miel bio. Sa texture tendre et fondante, alli\u00e9e \u00e0 la richesse des amandes, en fait une gourmandise irr\u00e9sistible, naturellement sucr\u00e9e et sans conservateurs. Parfait pour un moment de plaisir simple et authentique, \u00e0 d\u00e9guster \u00e0 tout moment de la journ\u00e9e.<\/p>\n<p>&nbsp;<\/p>\n","protected":false},"excerpt":{"rendered":"<p>Ce financier maison, d\u00e9licieusement dor\u00e9, est une v\u00e9ritable douceur aux amandes, sublim\u00e9e par le miel bio. Sa texture tendre et fondante, alli\u00e9e \u00e0 la richesse des amandes, en fait une gourmandise irr\u00e9sistible, naturellement sucr\u00e9e et sans conservateurs. Parfait pour un moment de plaisir simple et authentique, \u00e0 d\u00e9guster \u00e0 tout moment de la journ\u00e9e. &nbsp;<\/p>\n","protected":false},"featured_media":672,"comment_status":"open","ping_status":"closed","template":"","meta":{"ocean_post_layout":"","ocean_both_sidebars_style":"","ocean_both_sidebars_content_width":0,"ocean_both_sidebars_sidebars_width":0,"ocean_sidebar":"0","ocean_second_sidebar":"0","ocean_disable_margins":"enable","ocean_add_body_class":"","ocean_shortcode_before_top_bar":"","ocean_shortcode_after_top_bar":"","ocean_shortcode_before_header":"","ocean_shortcode_after_header":"","ocean_has_shortcode":"","ocean_shortcode_after_title":"","ocean_shortcode_before_footer_widgets":"","ocean_shortcode_after_footer_widgets":"","ocean_shortcode_before_footer_bottom":"","ocean_shortcode_after_footer_bottom":"","ocean_display_top_bar":"default","ocean_display_header":"default","ocean_header_style":"","ocean_center_header_left_menu":"0","ocean_custom_header_template":"0","ocean_custom_logo":0,"ocean_custom_retina_logo":0,"ocean_custom_logo_max_width":0,"ocean_custom_logo_tablet_max_width":0,"ocean_custom_logo_mobile_max_width":0,"ocean_custom_logo_max_height":0,"ocean_custom_logo_tablet_max_height":0,"ocean_custom_logo_mobile_max_height":0,"ocean_header_custom_menu":"0","ocean_menu_typo_font_family":"0","ocean_menu_typo_font_subset":"","ocean_menu_typo_font_size":0,"ocean_menu_typo_font_size_tablet":0,"ocean_menu_typo_font_size_mobile":0,"ocean_menu_typo_font_size_unit":"px","ocean_menu_typo_font_weight":"","ocean_menu_typo_font_weight_tablet":"","ocean_menu_typo_font_weight_mobile":"","ocean_menu_typo_transform":"","ocean_menu_typo_transform_tablet":"","ocean_menu_typo_transform_mobile":"","ocean_menu_typo_line_height":0,"ocean_menu_typo_line_height_tablet":0,"ocean_menu_typo_line_height_mobile":0,"ocean_menu_typo_line_height_unit":"","ocean_menu_typo_spacing":0,"ocean_menu_typo_spacing_tablet":0,"ocean_menu_typo_spacing_mobile":0,"ocean_menu_typo_spacing_unit":"","ocean_menu_link_color":"","ocean_menu_link_color_hover":"","ocean_menu_link_color_active":"","ocean_menu_link_background":"","ocean_menu_link_hover_background":"","ocean_menu_link_active_background":"","ocean_menu_social_links_bg":"","ocean_menu_social_hover_links_bg":"","ocean_menu_social_links_color":"","ocean_menu_social_hover_links_color":"","ocean_disable_title":"default","ocean_disable_heading":"default","ocean_post_title":"","ocean_post_subheading":"","ocean_post_title_style":"","ocean_post_title_background_color":"","ocean_post_title_background":0,"ocean_post_title_bg_image_position":"","ocean_post_title_bg_image_attachment":"","ocean_post_title_bg_image_repeat":"","ocean_post_title_bg_image_size":"","ocean_post_title_height":0,"ocean_post_title_bg_overlay":0.5,"ocean_post_title_bg_overlay_color":"","ocean_disable_breadcrumbs":"default","ocean_breadcrumbs_color":"","ocean_breadcrumbs_separator_color":"","ocean_breadcrumbs_links_color":"","ocean_breadcrumbs_links_hover_color":"","ocean_display_footer_widgets":"default","ocean_display_footer_bottom":"default","ocean_custom_footer_template":"0"},"product_brand":[],"product_cat":[27],"product_tag":[],"class_list":{"0":"post-692","1":"product","2":"type-product","3":"status-publish","4":"has-post-thumbnail","6":"product_cat-financiers","8":"entry","9":"has-media","11":"first","12":"instock","13":"taxable","14":"shipping-taxable","15":"purchasable","16":"product-type-simple","17":"col","18":"span_1_of_3","19":"owp-content-center","20":"owp-thumbs-layout-vertical","21":"owp-btn-normal","22":"owp-tabs-layout-horizontal","23":"has-no-thumbnails"},"yoast_head":"<!-- This site is optimized with the Yoast SEO plugin v27.4 - https:\/\/yoast.com\/product\/yoast-seo-wordpress\/ -->\n<title>Financier aux Amandes - Rucher du Revard<\/title>\n<meta name=\"robots\" content=\"index, follow, max-snippet:-1, max-image-preview:large, max-video-preview:-1\" \/>\n<link rel=\"canonical\" href=\"https:\/\/rucherdurevard.fr\/?product=financier-aux-amandes\" \/>\n<meta property=\"og:locale\" content=\"fr_FR\" \/>\n<meta property=\"og:type\" content=\"article\" \/>\n<meta property=\"og:title\" content=\"Financier aux Amandes - Rucher du Revard\" \/>\n<meta property=\"og:description\" content=\"Ce financier maison, d\u00e9licieusement dor\u00e9, est une v\u00e9ritable douceur aux amandes, sublim\u00e9e par le miel bio. Sa texture tendre et fondante, alli\u00e9e \u00e0 la richesse des amandes, en fait une gourmandise irr\u00e9sistible, naturellement sucr\u00e9e et sans conservateurs. Parfait pour un moment de plaisir simple et authentique, \u00e0 d\u00e9guster \u00e0 tout moment de la journ\u00e9e. &nbsp;\" \/>\n<meta property=\"og:url\" content=\"https:\/\/rucherdurevard.fr\/?product=financier-aux-amandes\" \/>\n<meta property=\"og:site_name\" content=\"Rucher du Revard\" \/>\n<meta property=\"article:modified_time\" content=\"2024-11-26T17:02:23+00:00\" \/>\n<meta property=\"og:image\" content=\"https:\/\/rucherdurevard.fr\/wp-content\/uploads\/2024\/11\/financier-amandes-scaled-e1731859099183.jpg\" \/>\n\t<meta property=\"og:image:width\" content=\"1911\" \/>\n\t<meta property=\"og:image:height\" content=\"1600\" \/>\n\t<meta property=\"og:image:type\" content=\"image\/jpeg\" \/>\n<meta name=\"twitter:card\" content=\"summary_large_image\" \/>\n<meta name=\"twitter:label1\" content=\"Dur\u00e9e de lecture estim\u00e9e\" \/>\n\t<meta name=\"twitter:data1\" content=\"1 minute\" \/>\n<script type=\"application\/ld+json\" class=\"yoast-schema-graph\">{\"@context\":\"https:\\\/\\\/schema.org\",\"@graph\":[{\"@type\":\"WebPage\",\"@id\":\"https:\\\/\\\/rucherdurevard.fr\\\/?product=financier-aux-amandes\",\"url\":\"https:\\\/\\\/rucherdurevard.fr\\\/?product=financier-aux-amandes\",\"name\":\"Financier aux Amandes - Rucher du Revard\",\"isPartOf\":{\"@id\":\"https:\\\/\\\/rucherdurevard.fr\\\/#website\"},\"primaryImageOfPage\":{\"@id\":\"https:\\\/\\\/rucherdurevard.fr\\\/?product=financier-aux-amandes#primaryimage\"},\"image\":{\"@id\":\"https:\\\/\\\/rucherdurevard.fr\\\/?product=financier-aux-amandes#primaryimage\"},\"thumbnailUrl\":\"https:\\\/\\\/rucherdurevard.fr\\\/wp-content\\\/uploads\\\/2024\\\/11\\\/financier-amandes-scaled-e1731859099183.jpg\",\"datePublished\":\"2024-11-17T15:57:25+00:00\",\"dateModified\":\"2024-11-26T17:02:23+00:00\",\"breadcrumb\":{\"@id\":\"https:\\\/\\\/rucherdurevard.fr\\\/?product=financier-aux-amandes#breadcrumb\"},\"inLanguage\":\"fr-FR\",\"potentialAction\":[{\"@type\":\"ReadAction\",\"target\":[\"https:\\\/\\\/rucherdurevard.fr\\\/?product=financier-aux-amandes\"]}]},{\"@type\":\"ImageObject\",\"inLanguage\":\"fr-FR\",\"@id\":\"https:\\\/\\\/rucherdurevard.fr\\\/?product=financier-aux-amandes#primaryimage\",\"url\":\"https:\\\/\\\/rucherdurevard.fr\\\/wp-content\\\/uploads\\\/2024\\\/11\\\/financier-amandes-scaled-e1731859099183.jpg\",\"contentUrl\":\"https:\\\/\\\/rucherdurevard.fr\\\/wp-content\\\/uploads\\\/2024\\\/11\\\/financier-amandes-scaled-e1731859099183.jpg\",\"width\":1911,\"height\":1600},{\"@type\":\"BreadcrumbList\",\"@id\":\"https:\\\/\\\/rucherdurevard.fr\\\/?product=financier-aux-amandes#breadcrumb\",\"itemListElement\":[{\"@type\":\"ListItem\",\"position\":1,\"name\":\"Accueil\",\"item\":\"https:\\\/\\\/rucherdurevard.fr\\\/\"},{\"@type\":\"ListItem\",\"position\":2,\"name\":\"Boutique\",\"item\":\"https:\\\/\\\/rucherdurevard.fr\\\/?page_id=9\"},{\"@type\":\"ListItem\",\"position\":3,\"name\":\"Financier aux Amandes\"}]},{\"@type\":\"WebSite\",\"@id\":\"https:\\\/\\\/rucherdurevard.fr\\\/#website\",\"url\":\"https:\\\/\\\/rucherdurevard.fr\\\/\",\"name\":\"Rucher du Revard\",\"description\":\"\",\"publisher\":{\"@id\":\"https:\\\/\\\/rucherdurevard.fr\\\/#organization\"},\"potentialAction\":[{\"@type\":\"SearchAction\",\"target\":{\"@type\":\"EntryPoint\",\"urlTemplate\":\"https:\\\/\\\/rucherdurevard.fr\\\/?s={search_term_string}\"},\"query-input\":{\"@type\":\"PropertyValueSpecification\",\"valueRequired\":true,\"valueName\":\"search_term_string\"}}],\"inLanguage\":\"fr-FR\"},{\"@type\":\"Organization\",\"@id\":\"https:\\\/\\\/rucherdurevard.fr\\\/#organization\",\"name\":\"Rucher du Revard\",\"url\":\"https:\\\/\\\/rucherdurevard.fr\\\/\",\"logo\":{\"@type\":\"ImageObject\",\"inLanguage\":\"fr-FR\",\"@id\":\"https:\\\/\\\/rucherdurevard.fr\\\/#\\\/schema\\\/logo\\\/image\\\/\",\"url\":\"https:\\\/\\\/rucherdurevard.fr\\\/wp-content\\\/uploads\\\/2024\\\/08\\\/cropped-Etiquette-pour-site-2.png\",\"contentUrl\":\"https:\\\/\\\/rucherdurevard.fr\\\/wp-content\\\/uploads\\\/2024\\\/08\\\/cropped-Etiquette-pour-site-2.png\",\"width\":512,\"height\":512,\"caption\":\"Rucher du Revard\"},\"image\":{\"@id\":\"https:\\\/\\\/rucherdurevard.fr\\\/#\\\/schema\\\/logo\\\/image\\\/\"}}]}<\/script>\n<!-- \/ Yoast SEO plugin. -->","yoast_head_json":{"title":"Financier aux Amandes - Rucher du Revard","robots":{"index":"index","follow":"follow","max-snippet":"max-snippet:-1","max-image-preview":"max-image-preview:large","max-video-preview":"max-video-preview:-1"},"canonical":"https:\/\/rucherdurevard.fr\/?product=financier-aux-amandes","og_locale":"fr_FR","og_type":"article","og_title":"Financier aux Amandes - Rucher du Revard","og_description":"Ce financier maison, d\u00e9licieusement dor\u00e9, est une v\u00e9ritable douceur aux amandes, sublim\u00e9e par le miel bio. Sa texture tendre et fondante, alli\u00e9e \u00e0 la richesse des amandes, en fait une gourmandise irr\u00e9sistible, naturellement sucr\u00e9e et sans conservateurs. Parfait pour un moment de plaisir simple et authentique, \u00e0 d\u00e9guster \u00e0 tout moment de la journ\u00e9e. &nbsp;","og_url":"https:\/\/rucherdurevard.fr\/?product=financier-aux-amandes","og_site_name":"Rucher du Revard","article_modified_time":"2024-11-26T17:02:23+00:00","og_image":[{"width":1911,"height":1600,"url":"https:\/\/rucherdurevard.fr\/wp-content\/uploads\/2024\/11\/financier-amandes-scaled-e1731859099183.jpg","type":"image\/jpeg"}],"twitter_card":"summary_large_image","twitter_misc":{"Dur\u00e9e de lecture estim\u00e9e":"1 minute"},"schema":{"@context":"https:\/\/schema.org","@graph":[{"@type":"WebPage","@id":"https:\/\/rucherdurevard.fr\/?product=financier-aux-amandes","url":"https:\/\/rucherdurevard.fr\/?product=financier-aux-amandes","name":"Financier aux Amandes - Rucher du Revard","isPartOf":{"@id":"https:\/\/rucherdurevard.fr\/#website"},"primaryImageOfPage":{"@id":"https:\/\/rucherdurevard.fr\/?product=financier-aux-amandes#primaryimage"},"image":{"@id":"https:\/\/rucherdurevard.fr\/?product=financier-aux-amandes#primaryimage"},"thumbnailUrl":"https:\/\/rucherdurevard.fr\/wp-content\/uploads\/2024\/11\/financier-amandes-scaled-e1731859099183.jpg","datePublished":"2024-11-17T15:57:25+00:00","dateModified":"2024-11-26T17:02:23+00:00","breadcrumb":{"@id":"https:\/\/rucherdurevard.fr\/?product=financier-aux-amandes#breadcrumb"},"inLanguage":"fr-FR","potentialAction":[{"@type":"ReadAction","target":["https:\/\/rucherdurevard.fr\/?product=financier-aux-amandes"]}]},{"@type":"ImageObject","inLanguage":"fr-FR","@id":"https:\/\/rucherdurevard.fr\/?product=financier-aux-amandes#primaryimage","url":"https:\/\/rucherdurevard.fr\/wp-content\/uploads\/2024\/11\/financier-amandes-scaled-e1731859099183.jpg","contentUrl":"https:\/\/rucherdurevard.fr\/wp-content\/uploads\/2024\/11\/financier-amandes-scaled-e1731859099183.jpg","width":1911,"height":1600},{"@type":"BreadcrumbList","@id":"https:\/\/rucherdurevard.fr\/?product=financier-aux-amandes#breadcrumb","itemListElement":[{"@type":"ListItem","position":1,"name":"Accueil","item":"https:\/\/rucherdurevard.fr\/"},{"@type":"ListItem","position":2,"name":"Boutique","item":"https:\/\/rucherdurevard.fr\/?page_id=9"},{"@type":"ListItem","position":3,"name":"Financier aux Amandes"}]},{"@type":"WebSite","@id":"https:\/\/rucherdurevard.fr\/#website","url":"https:\/\/rucherdurevard.fr\/","name":"Rucher du Revard","description":"","publisher":{"@id":"https:\/\/rucherdurevard.fr\/#organization"},"potentialAction":[{"@type":"SearchAction","target":{"@type":"EntryPoint","urlTemplate":"https:\/\/rucherdurevard.fr\/?s={search_term_string}"},"query-input":{"@type":"PropertyValueSpecification","valueRequired":true,"valueName":"search_term_string"}}],"inLanguage":"fr-FR"},{"@type":"Organization","@id":"https:\/\/rucherdurevard.fr\/#organization","name":"Rucher du Revard","url":"https:\/\/rucherdurevard.fr\/","logo":{"@type":"ImageObject","inLanguage":"fr-FR","@id":"https:\/\/rucherdurevard.fr\/#\/schema\/logo\/image\/","url":"https:\/\/rucherdurevard.fr\/wp-content\/uploads\/2024\/08\/cropped-Etiquette-pour-site-2.png","contentUrl":"https:\/\/rucherdurevard.fr\/wp-content\/uploads\/2024\/08\/cropped-Etiquette-pour-site-2.png","width":512,"height":512,"caption":"Rucher du Revard"},"image":{"@id":"https:\/\/rucherdurevard.fr\/#\/schema\/logo\/image\/"}}]}},"_links":{"self":[{"href":"https:\/\/rucherdurevard.fr\/index.php?rest_route=\/wp\/v2\/product\/692","targetHints":{"allow":["GET"]}}],"collection":[{"href":"https:\/\/rucherdurevard.fr\/index.php?rest_route=\/wp\/v2\/product"}],"about":[{"href":"https:\/\/rucherdurevard.fr\/index.php?rest_route=\/wp\/v2\/types\/product"}],"replies":[{"embeddable":true,"href":"https:\/\/rucherdurevard.fr\/index.php?rest_route=%2Fwp%2Fv2%2Fcomments&post=692"}],"wp:featuredmedia":[{"embeddable":true,"href":"https:\/\/rucherdurevard.fr\/index.php?rest_route=\/wp\/v2\/media\/672"}],"wp:attachment":[{"href":"https:\/\/rucherdurevard.fr\/index.php?rest_route=%2Fwp%2Fv2%2Fmedia&parent=692"}],"wp:term":[{"taxonomy":"product_brand","embeddable":true,"href":"https:\/\/rucherdurevard.fr\/index.php?rest_route=%2Fwp%2Fv2%2Fproduct_brand&post=692"},{"taxonomy":"product_cat","embeddable":true,"href":"https:\/\/rucherdurevard.fr\/index.php?rest_route=%2Fwp%2Fv2%2Fproduct_cat&post=692"},{"taxonomy":"product_tag","embeddable":true,"href":"https:\/\/rucherdurevard.fr\/index.php?rest_route=%2Fwp%2Fv2%2Fproduct_tag&post=692"}],"curies":[{"name":"wp","href":"https:\/\/api.w.org\/{rel}","templated":true}]}}