{"id":3,"date":"2024-08-05T20:58:43","date_gmt":"2024-08-05T20:58:43","guid":{"rendered":"https:\/\/rucherdurevard.fr\/?page_id=3"},"modified":"2024-10-25T12:46:13","modified_gmt":"2024-10-25T12:46:13","slug":"privacy-policy","status":"publish","type":"page","link":"https:\/\/rucherdurevard.fr\/?page_id=3","title":{"rendered":"Politique de confidentialit\u00e9"},"content":{"rendered":"\t\t<div data-elementor-type=\"wp-page\" data-elementor-id=\"3\" class=\"elementor elementor-3\">\n\t\t\t\t<div class=\"elementor-element elementor-element-c4ba63 e-flex e-con-boxed e-con e-parent\" data-id=\"c4ba63\" data-element_type=\"container\" data-e-type=\"container\">\n\t\t\t\t\t<div class=\"e-con-inner\">\n\t\t\t\t<div class=\"elementor-element elementor-element-3bf1031e elementor-widget elementor-widget-text-editor\" data-id=\"3bf1031e\" data-element_type=\"widget\" data-e-type=\"widget\" data-widget_type=\"text-editor.default\">\n\t\t\t\t<div class=\"elementor-widget-container\">\n\t\t\t\t\t\t\t\t\t\n<h1 class=\"wp-block-heading\"><strong><span style=\"color: #ebd38c;\">Politique de confidentialit\u00e9<\/span><\/strong><\/h1>\n<h3><strong><span style=\"color: #ebd38c;\">Protection des donn\u00e9es personnelles<\/span><\/strong><\/h3>\n<p>Le Rucher du Revard est attentif \u00e0 la protection de vos donn\u00e9es personnelles. Nous nous engageons \u00e0 garantir un haut niveau de protection de vos donn\u00e9es, en conformit\u00e9 avec la l\u00e9gislation applicable et le R\u00e8glement g\u00e9n\u00e9ral sur la protection des donn\u00e9es (RGPD).<\/p>\n<h3><strong><span style=\"color: #ebd38c;\">Identification et localisation du site web<\/span><\/strong><\/h3>\n<p>Le site web du Rucher du Revard est accessible \u00e0 l\u2019adresse suivante : <a href=\"https:\/\/rucherdurevard.fr\" target=\"_new\" rel=\"noopener\">https:\/\/rucherdurevard.fr<\/a><\/p>\n<p>Le site web est h\u00e9berg\u00e9 par<br \/><strong>IONOS<\/strong><br \/>7 Place de la Gare &#8211; BP 70109<br \/>57200 SARREGUEMINES<br \/>France<\/p>\n<h3><strong><span style=\"color: #ebd38c;\">Responsable du traitement<\/span><\/strong><\/h3>\n<p>Les donn\u00e9es personnelles collect\u00e9es sur ce site sont enregistr\u00e9es dans une base de donn\u00e9es informatis\u00e9e par le responsable du traitement et responsable de publication :<\/p>\n<p>Rucher du Revard \u2013 CHERUZEL Anne-Marie<br \/>438 Chemin du Champ de la Pierre<br \/>73100 Gr\u00e9sy sur Aix<br \/>France<\/p>\n<p>06 11 11 99 51 \u2013 rucherdurevard@gmail.com<\/p>\n<h3><strong><span style=\"color: #ebd38c;\">Finalit\u00e9s du traitement<\/span><\/strong><\/h3>\n<p>Les donn\u00e9es personnelles collect\u00e9es sont utilis\u00e9es pour la gestion de la client\u00e8le et du support, la gestion des commentaires, la connexion aux espaces priv\u00e9s, l\u2019envoi d\u2019emails en r\u00e9ponse aux formulaires de contact, l\u2019envoi d\u2019offres promotionnelles et de lettres d\u2019informations (uniquement propos\u00e9es par le Rucher du Revard).<\/p>\n<p>Certaines donn\u00e9es sont collect\u00e9es automatiquement en raison de vos actions sur le site pour mesurer l\u2019audience (nombre de pages vues, visites, produits consult\u00e9s, etc.) ou pour pr\u00e9venir et r\u00e9soudre des incidents techniques.<\/p>\n<h3><strong><span style=\"color: #ebd38c;\">Donn\u00e9es collect\u00e9es<\/span><\/strong><\/h3>\n<p>Les donn\u00e9es personnelles collect\u00e9es incluent : nom, pr\u00e9nom, civilit\u00e9, email, mot de passe, num\u00e9ro de t\u00e9l\u00e9phone, adresse IP, adresse postale, avatar, pseudo, site internet, donn\u00e9es de connexion, et pour les paiements en ligne : donn\u00e9es de paiement\/carte bancaire.<\/p>\n<p>Nous nous engageons \u00e0 ne collecter que les donn\u00e9es strictement n\u00e9cessaires au fonctionnement du service. Le caract\u00e8re obligatoire ou facultatif des donn\u00e9es est indiqu\u00e9 au moment de leur saisie.<\/p>\n<p>Aucune donn\u00e9e ne sera vendue \u00e0 des tiers.<\/p>\n<h3><strong><span style=\"color: #ebd38c;\">Dur\u00e9e de conservation<\/span><\/strong><\/h3>\n<p>Les donn\u00e9es sont conserv\u00e9es pendant toute la dur\u00e9e d\u2019utilisation du service et archiv\u00e9es pour une dur\u00e9e suppl\u00e9mentaire li\u00e9e aux obligations l\u00e9gales. Pass\u00e9 ce d\u00e9lai, elles sont supprim\u00e9es.<\/p>\n<p>Les commentaires laiss\u00e9s sur le site sont conserv\u00e9s ind\u00e9finiment pour faciliter la mod\u00e9ration. Les utilisateurs peuvent voir, modifier ou supprimer leurs informations personnelles \u00e0 tout moment.<\/p>\n<h3><strong><span style=\"color: #ebd38c;\">Destinataires<\/span><\/strong><\/h3>\n<p>Les donn\u00e9es collect\u00e9es sont destin\u00e9es uniquement au Rucher du Revard. Elles peuvent \u00e9galement \u00eatre transmises aux tiers suivants :<\/p>\n<ul>\n<li>WooCommerce (<a href=\"https:\/\/woocommerce.com\/\" target=\"_blank\" rel=\"noreferrer noopener\">woocommerce.com<\/a>) en tant qu\u2019outils d\u2019e-commerce,<\/li>\n<li>Colissimo (<a href=\"https:\/\/www.laposte.fr\/outils\/suivre-vos-envois?colissimo=true\" target=\"_blank\" rel=\"noreferrer noopener\">colissimo.fr<\/a>) pour l\u2019exp\u00e9dition des colis \u2013 le cas \u00e9ch\u00e9ant,<\/li>\n<li>Stripe (<a href=\"https:\/\/stripe.com\/fr\" target=\"_blank\" rel=\"noreferrer noopener\">stripe.com\/fr<\/a>) en tant que solution de payement en ligne,<\/li>\n<li>Formidable Forms (<a href=\"https:\/\/formidableforms.com\/\">Formidable Forms &#8211; WordPress Forms Plugin<\/a>) en tant que formulaire de contact<\/li>\n<\/ul>\n<h3 class=\"wp-block-heading\"><span style=\"color: #ebd38c;\">WooCommerce<\/span><\/h3>\n<p>Nous collectons des informations lors de la validation de commande sur notre boutique.<\/p>\n<p class=\"wp-block-heading\"><strong>Les informations collect\u00e9es servent \u00e0 :<\/strong><\/p>\n<ul class=\"wp-block-list\">\n<li>Envoyer des informations \u00e0 propos de votre compte et commande<\/li>\n<li>R\u00e9pondre aux demandes, incluant les remboursements et plaintes<\/li>\n<li>Traiter les paiements et la pr\u00e9vention de la fraude<\/li>\n<li>Configurer votre compte pour notre boutique<\/li>\n<li>Se conformer \u00e0 toutes les obligations l\u00e9gales, telles que le calcul des taxes<\/li>\n<\/ul>\n<h3><strong><span style=\"color: #ebd38c;\">Acc\u00e8s aux donn\u00e9es<\/span><\/strong><\/h3>\n<p>Outre les destinataires mentionn\u00e9s, les personnes ayant acc\u00e8s aux donn\u00e9es sont le responsable de la boutique et l\u2019assistance technique.<\/p>\n<h3><strong><span style=\"color: #ebd38c;\">Cookies<\/span><\/strong><\/h3>\n<p>Lors de votre commentaire, vous pouvez choisir d\u2019enregistrer votre nom, adresse email et site web dans des cookies pour votre confort. Ces cookies expirent au bout d\u2019un an.<\/p>\n<p>Des cookies de connexion sont mis en place pour enregistrer vos informations de connexion et pr\u00e9f\u00e9rences. Leur dur\u00e9e de vie varie selon leur type.<\/p>\n<h3><strong><span style=\"color: #ebd38c;\">Retrait du consentement<\/span><\/strong><\/h3>\n<p>Vous pouvez retirer votre consentement \u00e0 tout moment :<\/p>\n<ul>\n<li>En supprimant votre compte sur notre site<\/li>\n<li>En contactant rucherdurevard@gmail.com pour retirer vos donn\u00e9es<\/li>\n<\/ul>\n<p>Vous avez le droit de retirer ou de rectifier vos donn\u00e9es par email : rucherdurevard@gmail.com<\/p>\n\n<p>\u00a0<\/p>\t\t\t\t\t\t\t\t<\/div>\n\t\t\t\t<\/div>\n\t\t\t\t\t<\/div>\n\t\t\t\t<\/div>\n\t\t\t\t<\/div>\n\t\t","protected":false},"excerpt":{"rendered":"<p>Politique de confidentialit\u00e9 Protection des donn\u00e9es personnelles Le Rucher du Revard est attentif \u00e0 la protection de vos donn\u00e9es personnelles. Nous nous engageons \u00e0 garantir un haut niveau de protection de vos donn\u00e9es, en conformit\u00e9 avec la l\u00e9gislation applicable et le R\u00e8glement g\u00e9n\u00e9ral sur la protection des donn\u00e9es (RGPD). Identification et localisation du site web [&hellip;]<\/p>\n","protected":false},"author":1,"featured_media":0,"parent":0,"menu_order":0,"comment_status":"closed","ping_status":"open","template":"","meta":{"ocean_post_layout":"","ocean_both_sidebars_style":"","ocean_both_sidebars_content_width":0,"ocean_both_sidebars_sidebars_width":0,"ocean_sidebar":"","ocean_second_sidebar":"","ocean_disable_margins":"enable","ocean_add_body_class":"","ocean_shortcode_before_top_bar":"","ocean_shortcode_after_top_bar":"","ocean_shortcode_before_header":"","ocean_shortcode_after_header":"","ocean_has_shortcode":"","ocean_shortcode_after_title":"","ocean_shortcode_before_footer_widgets":"","ocean_shortcode_after_footer_widgets":"","ocean_shortcode_before_footer_bottom":"","ocean_shortcode_after_footer_bottom":"","ocean_display_top_bar":"default","ocean_display_header":"default","ocean_header_style":"","ocean_center_header_left_menu":"","ocean_custom_header_template":"","ocean_custom_logo":0,"ocean_custom_retina_logo":0,"ocean_custom_logo_max_width":0,"ocean_custom_logo_tablet_max_width":0,"ocean_custom_logo_mobile_max_width":0,"ocean_custom_logo_max_height":0,"ocean_custom_logo_tablet_max_height":0,"ocean_custom_logo_mobile_max_height":0,"ocean_header_custom_menu":"","ocean_menu_typo_font_family":"","ocean_menu_typo_font_subset":"","ocean_menu_typo_font_size":0,"ocean_menu_typo_font_size_tablet":0,"ocean_menu_typo_font_size_mobile":0,"ocean_menu_typo_font_size_unit":"px","ocean_menu_typo_font_weight":"","ocean_menu_typo_font_weight_tablet":"","ocean_menu_typo_font_weight_mobile":"","ocean_menu_typo_transform":"","ocean_menu_typo_transform_tablet":"","ocean_menu_typo_transform_mobile":"","ocean_menu_typo_line_height":0,"ocean_menu_typo_line_height_tablet":0,"ocean_menu_typo_line_height_mobile":0,"ocean_menu_typo_line_height_unit":"","ocean_menu_typo_spacing":0,"ocean_menu_typo_spacing_tablet":0,"ocean_menu_typo_spacing_mobile":0,"ocean_menu_typo_spacing_unit":"","ocean_menu_link_color":"","ocean_menu_link_color_hover":"","ocean_menu_link_color_active":"","ocean_menu_link_background":"","ocean_menu_link_hover_background":"","ocean_menu_link_active_background":"","ocean_menu_social_links_bg":"","ocean_menu_social_hover_links_bg":"","ocean_menu_social_links_color":"","ocean_menu_social_hover_links_color":"","ocean_disable_title":"default","ocean_disable_heading":"default","ocean_post_title":"","ocean_post_subheading":"","ocean_post_title_style":"","ocean_post_title_background_color":"","ocean_post_title_background":0,"ocean_post_title_bg_image_position":"","ocean_post_title_bg_image_attachment":"","ocean_post_title_bg_image_repeat":"","ocean_post_title_bg_image_size":"","ocean_post_title_height":0,"ocean_post_title_bg_overlay":0.5,"ocean_post_title_bg_overlay_color":"","ocean_disable_breadcrumbs":"default","ocean_breadcrumbs_color":"","ocean_breadcrumbs_separator_color":"","ocean_breadcrumbs_links_color":"","ocean_breadcrumbs_links_hover_color":"","ocean_display_footer_widgets":"default","ocean_display_footer_bottom":"default","ocean_custom_footer_template":"","footnotes":""},"class_list":["post-3","page","type-page","status-publish","hentry","entry","owp-thumbs-layout-vertical","owp-btn-normal","owp-tabs-layout-horizontal","has-no-thumbnails"],"yoast_head":"<!-- This site is optimized with the Yoast SEO plugin v27.4 - https:\/\/yoast.com\/product\/yoast-seo-wordpress\/ -->\n<title>Politique de confidentialit\u00e9 - Rucher du Revard<\/title>\n<meta name=\"robots\" content=\"index, follow, max-snippet:-1, max-image-preview:large, max-video-preview:-1\" \/>\n<link rel=\"canonical\" href=\"https:\/\/rucherdurevard.fr\/?page_id=3\" \/>\n<meta property=\"og:locale\" content=\"fr_FR\" \/>\n<meta property=\"og:type\" content=\"article\" \/>\n<meta property=\"og:title\" content=\"Politique de confidentialit\u00e9 - Rucher du Revard\" \/>\n<meta property=\"og:description\" content=\"Politique de confidentialit\u00e9 Protection des donn\u00e9es personnelles Le Rucher du Revard est attentif \u00e0 la protection de vos donn\u00e9es personnelles. Nous nous engageons \u00e0 garantir un haut niveau de protection de vos donn\u00e9es, en conformit\u00e9 avec la l\u00e9gislation applicable et le R\u00e8glement g\u00e9n\u00e9ral sur la protection des donn\u00e9es (RGPD). Identification et localisation du site web [&hellip;]\" \/>\n<meta property=\"og:url\" content=\"https:\/\/rucherdurevard.fr\/?page_id=3\" \/>\n<meta property=\"og:site_name\" content=\"Rucher du Revard\" \/>\n<meta property=\"article:modified_time\" content=\"2024-10-25T12:46:13+00:00\" \/>\n<meta name=\"twitter:card\" content=\"summary_large_image\" \/>\n<meta name=\"twitter:label1\" content=\"Dur\u00e9e de lecture estim\u00e9e\" \/>\n\t<meta name=\"twitter:data1\" content=\"3 minutes\" \/>\n<script type=\"application\/ld+json\" class=\"yoast-schema-graph\">{\"@context\":\"https:\\\/\\\/schema.org\",\"@graph\":[{\"@type\":\"WebPage\",\"@id\":\"https:\\\/\\\/rucherdurevard.fr\\\/?page_id=3\",\"url\":\"https:\\\/\\\/rucherdurevard.fr\\\/?page_id=3\",\"name\":\"Politique de confidentialit\u00e9 - Rucher du Revard\",\"isPartOf\":{\"@id\":\"https:\\\/\\\/rucherdurevard.fr\\\/#website\"},\"datePublished\":\"2024-08-05T20:58:43+00:00\",\"dateModified\":\"2024-10-25T12:46:13+00:00\",\"breadcrumb\":{\"@id\":\"https:\\\/\\\/rucherdurevard.fr\\\/?page_id=3#breadcrumb\"},\"inLanguage\":\"fr-FR\",\"potentialAction\":[{\"@type\":\"ReadAction\",\"target\":[\"https:\\\/\\\/rucherdurevard.fr\\\/?page_id=3\"]}]},{\"@type\":\"BreadcrumbList\",\"@id\":\"https:\\\/\\\/rucherdurevard.fr\\\/?page_id=3#breadcrumb\",\"itemListElement\":[{\"@type\":\"ListItem\",\"position\":1,\"name\":\"Accueil\",\"item\":\"https:\\\/\\\/rucherdurevard.fr\\\/\"},{\"@type\":\"ListItem\",\"position\":2,\"name\":\"Politique de confidentialit\u00e9\"}]},{\"@type\":\"WebSite\",\"@id\":\"https:\\\/\\\/rucherdurevard.fr\\\/#website\",\"url\":\"https:\\\/\\\/rucherdurevard.fr\\\/\",\"name\":\"Rucher du Revard\",\"description\":\"\",\"publisher\":{\"@id\":\"https:\\\/\\\/rucherdurevard.fr\\\/#organization\"},\"potentialAction\":[{\"@type\":\"SearchAction\",\"target\":{\"@type\":\"EntryPoint\",\"urlTemplate\":\"https:\\\/\\\/rucherdurevard.fr\\\/?s={search_term_string}\"},\"query-input\":{\"@type\":\"PropertyValueSpecification\",\"valueRequired\":true,\"valueName\":\"search_term_string\"}}],\"inLanguage\":\"fr-FR\"},{\"@type\":\"Organization\",\"@id\":\"https:\\\/\\\/rucherdurevard.fr\\\/#organization\",\"name\":\"Rucher du Revard\",\"url\":\"https:\\\/\\\/rucherdurevard.fr\\\/\",\"logo\":{\"@type\":\"ImageObject\",\"inLanguage\":\"fr-FR\",\"@id\":\"https:\\\/\\\/rucherdurevard.fr\\\/#\\\/schema\\\/logo\\\/image\\\/\",\"url\":\"https:\\\/\\\/rucherdurevard.fr\\\/wp-content\\\/uploads\\\/2024\\\/08\\\/cropped-Etiquette-pour-site-2.png\",\"contentUrl\":\"https:\\\/\\\/rucherdurevard.fr\\\/wp-content\\\/uploads\\\/2024\\\/08\\\/cropped-Etiquette-pour-site-2.png\",\"width\":512,\"height\":512,\"caption\":\"Rucher du Revard\"},\"image\":{\"@id\":\"https:\\\/\\\/rucherdurevard.fr\\\/#\\\/schema\\\/logo\\\/image\\\/\"}}]}<\/script>\n<!-- \/ Yoast SEO plugin. -->","yoast_head_json":{"title":"Politique de confidentialit\u00e9 - Rucher du Revard","robots":{"index":"index","follow":"follow","max-snippet":"max-snippet:-1","max-image-preview":"max-image-preview:large","max-video-preview":"max-video-preview:-1"},"canonical":"https:\/\/rucherdurevard.fr\/?page_id=3","og_locale":"fr_FR","og_type":"article","og_title":"Politique de confidentialit\u00e9 - Rucher du Revard","og_description":"Politique de confidentialit\u00e9 Protection des donn\u00e9es personnelles Le Rucher du Revard est attentif \u00e0 la protection de vos donn\u00e9es personnelles. Nous nous engageons \u00e0 garantir un haut niveau de protection de vos donn\u00e9es, en conformit\u00e9 avec la l\u00e9gislation applicable et le R\u00e8glement g\u00e9n\u00e9ral sur la protection des donn\u00e9es (RGPD). Identification et localisation du site web [&hellip;]","og_url":"https:\/\/rucherdurevard.fr\/?page_id=3","og_site_name":"Rucher du Revard","article_modified_time":"2024-10-25T12:46:13+00:00","twitter_card":"summary_large_image","twitter_misc":{"Dur\u00e9e de lecture estim\u00e9e":"3 minutes"},"schema":{"@context":"https:\/\/schema.org","@graph":[{"@type":"WebPage","@id":"https:\/\/rucherdurevard.fr\/?page_id=3","url":"https:\/\/rucherdurevard.fr\/?page_id=3","name":"Politique de confidentialit\u00e9 - Rucher du Revard","isPartOf":{"@id":"https:\/\/rucherdurevard.fr\/#website"},"datePublished":"2024-08-05T20:58:43+00:00","dateModified":"2024-10-25T12:46:13+00:00","breadcrumb":{"@id":"https:\/\/rucherdurevard.fr\/?page_id=3#breadcrumb"},"inLanguage":"fr-FR","potentialAction":[{"@type":"ReadAction","target":["https:\/\/rucherdurevard.fr\/?page_id=3"]}]},{"@type":"BreadcrumbList","@id":"https:\/\/rucherdurevard.fr\/?page_id=3#breadcrumb","itemListElement":[{"@type":"ListItem","position":1,"name":"Accueil","item":"https:\/\/rucherdurevard.fr\/"},{"@type":"ListItem","position":2,"name":"Politique de confidentialit\u00e9"}]},{"@type":"WebSite","@id":"https:\/\/rucherdurevard.fr\/#website","url":"https:\/\/rucherdurevard.fr\/","name":"Rucher du Revard","description":"","publisher":{"@id":"https:\/\/rucherdurevard.fr\/#organization"},"potentialAction":[{"@type":"SearchAction","target":{"@type":"EntryPoint","urlTemplate":"https:\/\/rucherdurevard.fr\/?s={search_term_string}"},"query-input":{"@type":"PropertyValueSpecification","valueRequired":true,"valueName":"search_term_string"}}],"inLanguage":"fr-FR"},{"@type":"Organization","@id":"https:\/\/rucherdurevard.fr\/#organization","name":"Rucher du Revard","url":"https:\/\/rucherdurevard.fr\/","logo":{"@type":"ImageObject","inLanguage":"fr-FR","@id":"https:\/\/rucherdurevard.fr\/#\/schema\/logo\/image\/","url":"https:\/\/rucherdurevard.fr\/wp-content\/uploads\/2024\/08\/cropped-Etiquette-pour-site-2.png","contentUrl":"https:\/\/rucherdurevard.fr\/wp-content\/uploads\/2024\/08\/cropped-Etiquette-pour-site-2.png","width":512,"height":512,"caption":"Rucher du Revard"},"image":{"@id":"https:\/\/rucherdurevard.fr\/#\/schema\/logo\/image\/"}}]}},"_links":{"self":[{"href":"https:\/\/rucherdurevard.fr\/index.php?rest_route=\/wp\/v2\/pages\/3","targetHints":{"allow":["GET"]}}],"collection":[{"href":"https:\/\/rucherdurevard.fr\/index.php?rest_route=\/wp\/v2\/pages"}],"about":[{"href":"https:\/\/rucherdurevard.fr\/index.php?rest_route=\/wp\/v2\/types\/page"}],"author":[{"embeddable":true,"href":"https:\/\/rucherdurevard.fr\/index.php?rest_route=\/wp\/v2\/users\/1"}],"replies":[{"embeddable":true,"href":"https:\/\/rucherdurevard.fr\/index.php?rest_route=%2Fwp%2Fv2%2Fcomments&post=3"}],"version-history":[{"count":13,"href":"https:\/\/rucherdurevard.fr\/index.php?rest_route=\/wp\/v2\/pages\/3\/revisions"}],"predecessor-version":[{"id":589,"href":"https:\/\/rucherdurevard.fr\/index.php?rest_route=\/wp\/v2\/pages\/3\/revisions\/589"}],"wp:attachment":[{"href":"https:\/\/rucherdurevard.fr\/index.php?rest_route=%2Fwp%2Fv2%2Fmedia&parent=3"}],"curies":[{"name":"wp","href":"https:\/\/api.w.org\/{rel}","templated":true}]}}